{"id":2287,"date":"2025-03-25T09:21:59","date_gmt":"2025-03-25T07:21:59","guid":{"rendered":"https:\/\/profundum.si\/programmes\/"},"modified":"2025-04-22T12:31:11","modified_gmt":"2025-04-22T12:31:11","slug":"programs","status":"publish","type":"page","link":"https:\/\/profundum.si\/en\/programs\/","title":{"rendered":"Programs"},"content":{"rendered":"\n<div style=\"height:30px\" aria-hidden=\"true\" class=\"wp-block-spacer desktop-spacer\"><\/div>\n\n\n\n<div class=\"tutor-wrap tutor-wrap-parent tutor-courses-wrap tutor-container course-archive-page\" data-tutor_courses_meta=\"{&quot;course_filter&quot;:true,&quot;supported_filters&quot;:{&quot;search&quot;:&quot;search&quot;,&quot;category&quot;:&quot;category&quot;,&quot;price_type&quot;:&quot;price_type&quot;},&quot;loop_content_only&quot;:false,&quot;column_per_row&quot;:&quot;3&quot;,&quot;course_per_page&quot;:21,&quot;show_pagination&quot;:false}\">\n\t\t\t<div class=\"tutor-d-block tutor-d-xl-none tutor-mb-32\">\n\t\t\t<div class=\"tutor-d-flex tutor-align-center tutor-justify-between\">\n\t\t\t\t<span class=\"tutor-fs-3 tutor-fw-medium tutor-color-black\">Courses<\/span>\n\t\t\t\t<a href=\"#\" class=\"tutor-iconic-btn tutor-iconic-btn-secondary tutor-iconic-btn-md\" tutor-toggle-course-filter><span class=\"tutor-icon-slider-vertical\"><\/span><\/a>\n\t\t\t<\/div>\n\t\t<\/div>\n\t\n\t<div class=\"tutor-row tutor-gx-xl-5\">\n\t\t\t\t\t<div class=\"tutor-col-3 tutor-course-filter-container\">\n\t\t\t\t<div class=\"tutor-course-filter\" tutor-course-filter>\n\t\t\t\t\t\n<form class=\"tutor-course-filter-form tutor-form\">\n\t<div class=\"tutor-mb-16 tutor-d-block tutor-d-xl-none tutor-text-right\">\n\t\t<a href=\"#\" class=\"tutor-iconic-btn tutor-mr-n8\" tutor-hide-course-filter><span class=\"tutor-icon-times\" aria-hidden=\"true\"><\/span><\/a>\n\t<\/div>\n\n\t\n\t\t\t<div class=\"tutor-widget tutor-widget-search\">\n\t\t\t<div class=\"tutor-form-wrap\">\n\t\t\t\t<span class=\"tutor-icon-search tutor-form-icon\" aria-hidden=\"true\"><\/span>\n\t\t\t\t<input type=\"Search\" class=\"tutor-form-control\" name=\"keyword\" placeholder=\"Search\"\/>\n\t\t\t<\/div>\n\t\t<\/div>\n\t\n\t\n\t\t\t<div class=\"tutor-widget tutor-widget-course-categories tutor-mt-48\">\n\t\t\t<h3 class=\"tutor-widget-title\">\n\t\t\t\tCategory\t\t\t<\/h3>\n\n\t\t\t<div class=\"tutor-widget-content\">\n\t\t\t\t<ul class=\"tutor-list\">\n\t\t\t\t\t\t\t\t\t<li class=\"tutor-list-item\">\n\t\t\t\t\t<label>\n\t\t\t\t\t\t<input type=\"checkbox\" class=\"tutor-form-check-input\"  name=\"tutor-course-filter-category\" value=\"53\" \/>\n\t\t\t\t\t\tEsoterics\t\t\t\t\t<\/label>\n\t\t\t\t<\/li>\n\t\t\t\t\t\t\t\t\t\t\t<li class=\"tutor-list-item\">\n\t\t\t\t\t<label>\n\t\t\t\t\t\t<input type=\"checkbox\" class=\"tutor-form-check-input\"  name=\"tutor-course-filter-category\" value=\"52\" \/>\n\t\t\t\t\t\tGnostics\t\t\t\t\t<\/label>\n\t\t\t\t<\/li>\n\t\t\t\t\t\t\t\t\t\t\t<li class=\"tutor-list-item\">\n\t\t\t\t\t<label>\n\t\t\t\t\t\t<input type=\"checkbox\" class=\"tutor-form-check-input\"  name=\"tutor-course-filter-category\" value=\"56\" \/>\n\t\t\t\t\t\tPersonal growth\t\t\t\t\t<\/label>\n\t\t\t\t<\/li>\n\t\t\t\t\t\t\t\t\t\t\t<li class=\"tutor-list-item\">\n\t\t\t\t\t<label>\n\t\t\t\t\t\t<input type=\"checkbox\" class=\"tutor-form-check-input\"  name=\"tutor-course-filter-category\" value=\"54\" \/>\n\t\t\t\t\t\tSpirituality\t\t\t\t\t<\/label>\n\t\t\t\t<\/li>\n\t\t\t\t\t\t\t\t\t\t\t<\/ul>\n\t\t\t<\/div>\n\t\t<\/div>\n\t\n\t\n\t\n\t\t\t\n\t<div class=\"tutor-widget tutor-widget-course-price tutor-mt-48\">\n\t\t<h3 class=\"tutor-widget-title\">\n\t\tPrice\t\t<\/h3>\n\n\t\t<div class=\"tutor-widget-content\">\n\t\t\t<ul class=\"tutor-list\">\n\t\t\t\t\t\t<div class=\"tutor-list-item\">\n\t\t\t\t\t<label>\n\t\t\t\t\t\t<input type=\"checkbox\" class=\"tutor-form-check-input\" id=\"free\" name=\"tutor-course-filter-price\" value=\"free\"\/>\n\t\t\t\t\t\tFree\t\t\t\t\t<\/label>\n\t\t\t\t<\/div>\n\t\t\t\t\t\t\t<div class=\"tutor-list-item\">\n\t\t\t\t\t<label>\n\t\t\t\t\t\t<input type=\"checkbox\" class=\"tutor-form-check-input\" id=\"paid\" name=\"tutor-course-filter-price\" value=\"paid\"\/>\n\t\t\t\t\t\tPaid\t\t\t\t\t<\/label>\n\t\t\t\t<\/div>\n\t\t\t\t\t\t<\/ul>\n\t\t<\/div>\n\t<\/div>\n\t\n\t<div class=\"tutor-widget tutor-widget-course-filter tutor-mt-32\">\n\t\t<div class=\"tutor-widget-content\">\n\t\t\t<a href=\"#\" class=\"tutor-btn tutor-btn-outline-primary tutor-btn-sm\" onclick=\"window.location.replace('https:\/\/profundum.si\/en\/wp-json\/wp\/v2\/pages\/2287\/')\" action-tutor-clear-filter>\n\t\t\t\t<i class=\"tutor-icon-times tutor-mr-8\"><\/i> Clear All Filters\t\t\t<\/a>\n\t\t<\/div>\n\t<\/div>\n\t<\/form>\n\t\t\t\t<\/div>\n\t\t\t<\/div>\n\n\t\t\t<div class=\"tutor-col-xl-9 \">\n\t\t\t\t<div>\n\t\t\t\t\t\t\t\t\t<\/div>\n\t\t\t\t<div class=\"tutor-pagination-wrapper-replaceable\" tutor-course-list-container>\n\t\t\t\t\t<div class=\"tutor-course-list tutor-grid tutor-grid-3\">\n<div class=\"tutor-card tutor-course-card\">\n<div class=\"tutor-course-thumbnail\">\n\t<a href=\"https:\/\/profundum.si\/en\/program\/25-dni-z-borisom-venetom\/\" class=\"tutor-d-block\">\n\t\t<div class=\"tutor-ratio tutor-ratio-16x9\">\n\t\t\t<img decoding=\"async\" class=\"tutor-card-image-top\" src=\"https:\/\/profundum.si\/wp-content\/uploads\/2025\/03\/25-dni.jpg\" alt=\"25 dni z Borisom Venetom\" loading=\"lazy\">\n\t\t<\/div>\n\t<\/a>\n\t<\/div>\n<div class=\"tutor-course-bookmark\">\n\t<a href=\"javascript:;\"  class=\"tutor-open-login-modal save-bookmark-btn tutor-iconic-btn tutor-iconic-btn-secondary\" data-course-id=\"2676\">\n\t\t<i class=\"tutor-icon-bookmark-line\"><\/i>\n\t<\/a><\/div>\n\n<div class=\"tutor-card-body\">\n\n<div class=\"tutor-course-ratings tutor-mb-8\">\n\t\t<div class=\"tutor-ratings\">\n\t\t<div class=\"tutor-ratings-stars\">\n\t\t\t<span class=\"tutor-icon-star-line\" data-rating-value=\"1\"><\/span><span class=\"tutor-icon-star-line\" data-rating-value=\"2\"><\/span><span class=\"tutor-icon-star-line\" data-rating-value=\"3\"><\/span><span class=\"tutor-icon-star-line\" data-rating-value=\"4\"><\/span><span class=\"tutor-icon-star-line\" data-rating-value=\"5\"><\/span>\t\t<\/div>\n\n\t\t\t<\/div>\n\t<\/div>\n\n<h3 class=\"tutor-course-name tutor-fs-5 tutor-fw-medium\" title=\"25 dni z Borisom Venetom\">\n\t<a href=\"https:\/\/profundum.si\/en\/program\/25-dni-z-borisom-venetom\/\">25 dni z Borisom Venetom<\/a>\n<\/h3>\n\n\n<div class=\"tutor-meta tutor-mt-auto\">\n\t<div>\n\t\t<a href=\"https:\/\/profundum.si\/en\/profile\/borisvene?view=instructor\" class=\"tutor-d-flex\">\n\t\t\t<div class=\"tutor-avatar\"><div class=\"tutor-ratio tutor-ratio-1x1\"><img decoding=\"async\" src=\"https:\/\/profundum.si\/wp-content\/uploads\/2025\/03\/boris-vene-150x150.jpg\" alt=\"Boris Vene\" \/> <\/div><\/div>\t\t<\/a>\n\t<\/div>\n\n\t<div>\n\t\tBy\t\t<a href=\"https:\/\/profundum.si\/en\/profile\/borisvene?view=instructor\">Boris Vene<\/a>\n\n\t\t\t\t\t\n\t\t\t<\/div>\n<\/div>\n\n<\/div>\n\n<div class=\"tutor-card-footer\">\n\t<div class=\" tutor-d-flex tutor-align-center tutor-justify-between \"><div class=\"list-item-price tutor-d-flex tutor-align-center\"> <span class=\"price tutor-fs-6 tutor-fw-bold tutor-color-black\"><span class=\"woocommerce-Price-amount amount\"><bdi>900,00&nbsp;<span class=\"woocommerce-Price-currencySymbol\">&euro;<\/span><\/bdi><\/span> <\/span><\/div><div class=\"list-item-button\"> \n\t<a href=\"\/en\/wp-json\/wp\/v2\/pages\/2287?add-to-cart=566\" data-quantity=\"1\" class=\"tutor-btn tutor-btn-outline-primary tutor-btn-md tutor-btn-block  product_type_simple add_to_cart_button  ajax_add_to_cart\" data-product_id=\"566\" data-product_sku=\"\" aria-label=\"Add to cart: &ldquo;25 dni z Borisom Venetom&rdquo;\" rel=\"nofollow\"><span class=\"tutor-icon-cart-line tutor-mr-8\"><\/span><span class=\"cart-text\">Add to cart<\/span><\/a> <\/div><\/div>\t<\/div>\n<\/div>\n<div class=\"tutor-card tutor-course-card\">\n<div class=\"tutor-course-thumbnail\">\n\t<a href=\"https:\/\/profundum.si\/en\/program\/kako-se-ucinkovito-energijsko-zascititi-clovek-kot-energijsko-bitje\/\" class=\"tutor-d-block\">\n\t\t<div class=\"tutor-ratio tutor-ratio-16x9\">\n\t\t\t<img decoding=\"async\" class=\"tutor-card-image-top\" src=\"https:\/\/profundum.si\/wp-content\/uploads\/2025\/04\/kako-se-energijsko-zascititi.jpg\" alt=\"Kako se u\u010dinkovito energijsko za\u0161\u010dititi &#8230; \u010clovek kot energijsko bitje\" loading=\"lazy\">\n\t\t<\/div>\n\t<\/a>\n\t<\/div>\n<div class=\"tutor-course-bookmark\">\n\t<a href=\"javascript:;\"  class=\"tutor-open-login-modal save-bookmark-btn tutor-iconic-btn tutor-iconic-btn-secondary\" data-course-id=\"2675\">\n\t\t<i class=\"tutor-icon-bookmark-line\"><\/i>\n\t<\/a><\/div>\n\n<div class=\"tutor-card-body\">\n\n<div class=\"tutor-course-ratings tutor-mb-8\">\n\t\t<div class=\"tutor-ratings\">\n\t\t<div class=\"tutor-ratings-stars\">\n\t\t\t<span class=\"tutor-icon-star-line\" data-rating-value=\"1\"><\/span><span class=\"tutor-icon-star-line\" data-rating-value=\"2\"><\/span><span class=\"tutor-icon-star-line\" data-rating-value=\"3\"><\/span><span class=\"tutor-icon-star-line\" data-rating-value=\"4\"><\/span><span class=\"tutor-icon-star-line\" data-rating-value=\"5\"><\/span>\t\t<\/div>\n\n\t\t\t<\/div>\n\t<\/div>\n\n<h3 class=\"tutor-course-name tutor-fs-5 tutor-fw-medium\" title=\"Kako se u\u010dinkovito energijsko za\u0161\u010dititi &#8230; \u010clovek kot energijsko bitje\">\n\t<a href=\"https:\/\/profundum.si\/en\/program\/kako-se-ucinkovito-energijsko-zascititi-clovek-kot-energijsko-bitje\/\">Kako se u\u010dinkovito energijsko za\u0161\u010dititi &#8230; \u010clovek kot energijsko bitje<\/a>\n<\/h3>\n\n\n<div class=\"tutor-meta tutor-mt-auto\">\n\t<div>\n\t\t<a href=\"https:\/\/profundum.si\/en\/profile\/mojcavene?view=instructor\" class=\"tutor-d-flex\">\n\t\t\t<div class=\"tutor-avatar\"><div class=\"tutor-ratio tutor-ratio-1x1\"><img decoding=\"async\" src=\"https:\/\/profundum.si\/wp-content\/uploads\/2025\/04\/mojca-vene-150x150.jpg\" alt=\"Mojca Vene\" \/> <\/div><\/div>\t\t<\/a>\n\t<\/div>\n\n\t<div>\n\t\tBy\t\t<a href=\"https:\/\/profundum.si\/en\/profile\/mojcavene?view=instructor\">Mojca Vene<\/a>\n\n\t\t\t\t\t\n\t\t\t<\/div>\n<\/div>\n\n<\/div>\n\n<div class=\"tutor-card-footer\">\n\t<div class=\" tutor-d-flex tutor-align-center tutor-justify-between \"><div class=\"list-item-price tutor-d-flex tutor-align-center\"> <span class=\"price tutor-fs-6 tutor-fw-bold tutor-color-black\"><span class=\"woocommerce-Price-amount amount\"><bdi>197,00&nbsp;<span class=\"woocommerce-Price-currencySymbol\">&euro;<\/span><\/bdi><\/span> <\/span><\/div><div class=\"list-item-button\"> \n\t<a href=\"\/en\/wp-json\/wp\/v2\/pages\/2287?add-to-cart=694\" data-quantity=\"1\" class=\"tutor-btn tutor-btn-outline-primary tutor-btn-md tutor-btn-block  product_type_simple add_to_cart_button  ajax_add_to_cart\" data-product_id=\"694\" data-product_sku=\"\" aria-label=\"Add to cart: &ldquo;Kako se u\u010dinkovito energijsko za\u0161\u010dititi ... \u010clovek kot energijsko bitje&rdquo;\" rel=\"nofollow\"><span class=\"tutor-icon-cart-line tutor-mr-8\"><\/span><span class=\"cart-text\">Add to cart<\/span><\/a> <\/div><\/div>\t<\/div>\n<\/div>\n<div class=\"tutor-card tutor-course-card\">\n<div class=\"tutor-course-thumbnail\">\n\t<a href=\"https:\/\/profundum.si\/en\/program\/seminar-umetnost-doseganja-ciljev\/\" class=\"tutor-d-block\">\n\t\t<div class=\"tutor-ratio tutor-ratio-16x9\">\n\t\t\t<img decoding=\"async\" class=\"tutor-card-image-top\" src=\"https:\/\/profundum.si\/wp-content\/uploads\/2025\/04\/program-seminar-cilji.jpg\" alt=\"Seminar Umetnost doseganja ciljev\" loading=\"lazy\">\n\t\t<\/div>\n\t<\/a>\n\t<\/div>\n<div class=\"tutor-course-bookmark\">\n\t<a href=\"javascript:;\"  class=\"tutor-open-login-modal save-bookmark-btn tutor-iconic-btn tutor-iconic-btn-secondary\" data-course-id=\"2674\">\n\t\t<i class=\"tutor-icon-bookmark-line\"><\/i>\n\t<\/a><\/div>\n\n<div class=\"tutor-card-body\">\n\n<div class=\"tutor-course-ratings tutor-mb-8\">\n\t\t<div class=\"tutor-ratings\">\n\t\t<div class=\"tutor-ratings-stars\">\n\t\t\t<span class=\"tutor-icon-star-line\" data-rating-value=\"1\"><\/span><span class=\"tutor-icon-star-line\" data-rating-value=\"2\"><\/span><span class=\"tutor-icon-star-line\" data-rating-value=\"3\"><\/span><span class=\"tutor-icon-star-line\" data-rating-value=\"4\"><\/span><span class=\"tutor-icon-star-line\" data-rating-value=\"5\"><\/span>\t\t<\/div>\n\n\t\t\t<\/div>\n\t<\/div>\n\n<h3 class=\"tutor-course-name tutor-fs-5 tutor-fw-medium\" title=\"Seminar Umetnost doseganja ciljev\">\n\t<a href=\"https:\/\/profundum.si\/en\/program\/seminar-umetnost-doseganja-ciljev\/\">Seminar Umetnost doseganja ciljev<\/a>\n<\/h3>\n\n\n<div class=\"tutor-meta tutor-mt-auto\">\n\t<div>\n\t\t<a href=\"https:\/\/profundum.si\/en\/profile\/borisvene?view=instructor\" class=\"tutor-d-flex\">\n\t\t\t<div class=\"tutor-avatar\"><div class=\"tutor-ratio tutor-ratio-1x1\"><img decoding=\"async\" src=\"https:\/\/profundum.si\/wp-content\/uploads\/2025\/03\/boris-vene-150x150.jpg\" alt=\"Boris Vene\" \/> <\/div><\/div>\t\t<\/a>\n\t<\/div>\n\n\t<div>\n\t\tBy\t\t<a href=\"https:\/\/profundum.si\/en\/profile\/borisvene?view=instructor\">Boris Vene<\/a>\n\n\t\t\t\t\t\n\t\t\t<\/div>\n<\/div>\n\n<\/div>\n\n<div class=\"tutor-card-footer\">\n\t<div class=\" tutor-d-flex tutor-align-center tutor-justify-between \"><div class=\"list-item-price tutor-d-flex tutor-align-center\"> <span class=\"price tutor-fs-6 tutor-fw-bold tutor-color-black\"><span class=\"woocommerce-Price-amount amount\"><bdi>97,00&nbsp;<span class=\"woocommerce-Price-currencySymbol\">&euro;<\/span><\/bdi><\/span> <\/span><\/div><div class=\"list-item-button\"> \n\t<a href=\"\/en\/wp-json\/wp\/v2\/pages\/2287?add-to-cart=2448\" data-quantity=\"1\" class=\"tutor-btn tutor-btn-outline-primary tutor-btn-md tutor-btn-block  product_type_simple add_to_cart_button  ajax_add_to_cart\" data-product_id=\"2448\" data-product_sku=\"\" aria-label=\"Add to cart: &ldquo;Seminar Umetnost doseganja ciljev&rdquo;\" rel=\"nofollow\"><span class=\"tutor-icon-cart-line tutor-mr-8\"><\/span><span class=\"cart-text\">Add to cart<\/span><\/a> <\/div><\/div>\t<\/div>\n<\/div>\n<div class=\"tutor-card tutor-course-card\">\n<div class=\"tutor-course-thumbnail\">\n\t<a href=\"https:\/\/profundum.si\/en\/program\/popoln-clovek-popoln-svet\/\" class=\"tutor-d-block\">\n\t\t<div class=\"tutor-ratio tutor-ratio-16x9\">\n\t\t\t<img decoding=\"async\" class=\"tutor-card-image-top\" src=\"https:\/\/profundum.si\/wp-content\/uploads\/2025\/04\/popoln-clovek-popoln-svet.jpg\" alt=\"Popoln \u010dlovek &#8211; Popoln svet\" loading=\"lazy\">\n\t\t<\/div>\n\t<\/a>\n\t<\/div>\n<div class=\"tutor-course-bookmark\">\n\t<a href=\"javascript:;\"  class=\"tutor-open-login-modal save-bookmark-btn tutor-iconic-btn tutor-iconic-btn-secondary\" data-course-id=\"2408\">\n\t\t<i class=\"tutor-icon-bookmark-line\"><\/i>\n\t<\/a><\/div>\n\n<div class=\"tutor-card-body\">\n\n<div class=\"tutor-course-ratings tutor-mb-8\">\n\t\t<div class=\"tutor-ratings\">\n\t\t<div class=\"tutor-ratings-stars\">\n\t\t\t<span class=\"tutor-icon-star-line\" data-rating-value=\"1\"><\/span><span class=\"tutor-icon-star-line\" data-rating-value=\"2\"><\/span><span class=\"tutor-icon-star-line\" data-rating-value=\"3\"><\/span><span class=\"tutor-icon-star-line\" data-rating-value=\"4\"><\/span><span class=\"tutor-icon-star-line\" data-rating-value=\"5\"><\/span>\t\t<\/div>\n\n\t\t\t<\/div>\n\t<\/div>\n\n<h3 class=\"tutor-course-name tutor-fs-5 tutor-fw-medium\" title=\"Popoln \u010dlovek &#8211; Popoln svet\">\n\t<a href=\"https:\/\/profundum.si\/en\/program\/popoln-clovek-popoln-svet\/\">Popoln \u010dlovek &#8211; Popoln svet<\/a>\n<\/h3>\n\n\n<div class=\"tutor-meta tutor-mt-auto\">\n\t<div>\n\t\t<a href=\"https:\/\/profundum.si\/en\/profile\/mojcavene?view=instructor\" class=\"tutor-d-flex\">\n\t\t\t<div class=\"tutor-avatar\"><div class=\"tutor-ratio tutor-ratio-1x1\"><img decoding=\"async\" src=\"https:\/\/profundum.si\/wp-content\/uploads\/2025\/04\/mojca-vene-150x150.jpg\" alt=\"Mojca Vene\" \/> <\/div><\/div>\t\t<\/a>\n\t<\/div>\n\n\t<div>\n\t\tBy\t\t<a href=\"https:\/\/profundum.si\/en\/profile\/mojcavene?view=instructor\">Mojca Vene<\/a>\n\n\t\t\t\t\t\n\t\t\t<\/div>\n<\/div>\n\n<\/div>\n\n<div class=\"tutor-card-footer\">\n\t<div class=\" tutor-d-flex tutor-align-center tutor-justify-between \"><div class=\"list-item-price tutor-d-flex tutor-align-center\"> <span class=\"price tutor-fs-6 tutor-fw-bold tutor-color-black\"><span class=\"woocommerce-Price-amount amount\"><bdi>900,00&nbsp;<span class=\"woocommerce-Price-currencySymbol\">&euro;<\/span><\/bdi><\/span> <\/span><\/div><div class=\"list-item-button\"> \n\t<a href=\"\/en\/wp-json\/wp\/v2\/pages\/2287?add-to-cart=681\" data-quantity=\"1\" class=\"tutor-btn tutor-btn-outline-primary tutor-btn-md tutor-btn-block  product_type_simple add_to_cart_button  ajax_add_to_cart\" data-product_id=\"681\" data-product_sku=\"\" aria-label=\"Add to cart: &ldquo;Popoln \u010dlovek - Popoln svet&rdquo;\" rel=\"nofollow\"><span class=\"tutor-icon-cart-line tutor-mr-8\"><\/span><span class=\"cart-text\">Add to cart<\/span><\/a> <\/div><\/div>\t<\/div>\n<\/div>\n<\/div>\n\t\t\t\t<\/div>\n\t\t\t<\/div>\n\t\t\t<\/div>\n<\/div>\n\n\n\n<div class=\"tutor-modal tutor-login-modal\" role=\"dialog\" aria-modal=\"true\" aria-labelledby=\"tutor-login-modal-title\" aria-hidden=\"true\">\n\t<div class=\"tutor-modal-overlay\"><\/div>\n\t<div class=\"tutor-modal-window tutor-modal-window-sm\">\n\t\t<div class=\"tutor-modal-content tutor-modal-content-white\">\n\t\t\t<button class=\"tutor-iconic-btn tutor-modal-close-o\" data-tutor-modal-close aria-label=\"Close login dialog\">\n\t\t\t\t<span class=\"tutor-icon-times\" aria-hidden=\"true\"><\/span>\n\t\t\t<\/button>\n\n\t\t\t<div class=\"tutor-modal-body\">\n\t\t\t\t<div class=\"tutor-py-48\">\n\t\t\t\t\t\t\t\t\t\t<div id=\"tutor-login-modal-title\" class=\"tutor-fs-4 tutor-fw-medium tutor-color-black tutor-mb-32\">Hi, Welcome back!<\/div>\n\t\t\t\t\t<form id=\"tutor-login-form\" method=\"post\">\n\t\t<input type=\"hidden\" id=\"_tutor_nonce\" name=\"_tutor_nonce\" value=\"71862bf1ff\" \/><input type=\"hidden\" name=\"_wp_http_referer\" value=\"\/en\/wp-json\/wp\/v2\/pages\/2287\" \/>\t<input type=\"hidden\" name=\"tutor_action\" value=\"tutor_user_login\" \/>\n\t<input type=\"hidden\" name=\"redirect_to\" value=\"https:\/\/profundum.si\/en\/wp-json\/wp\/v2\/pages\/2287\" \/>\n\n\t<div class=\"tutor-mb-20\">\n\t\t<input type=\"text\" class=\"tutor-form-control\" placeholder=\"Username or Email Address\" name=\"log\" value=\"\" size=\"20\" required\/>\n\t<\/div>\n\n\t<div class=\"tutor-mb-32\">\n\t\t<input type=\"password\" class=\"tutor-form-control\" placeholder=\"Password\" name=\"pwd\" value=\"\" size=\"20\" required\/>\n\t<\/div>\n\n\t<div class=\"tutor-login-error\" role=\"alert\" aria-live=\"polite\"><\/div>\n\t\t\t<input type=\"hidden\" name=\"timezone\" value=\"Europe\/Ljubljana\" \/>\n\t\t<script>\n\t\t\tdocument.addEventListener('DOMContentLoaded', function() {\n\t\t\t\tconst timezone = document.querySelector('input[name=\"timezone\"]');\n\t\t\t\tif ( timezone) {\n\t\t\t\t\tconst tz = Intl.DateTimeFormat().resolvedOptions().timeZone;\n\t\t\t\t\ttimezone.value = tz\n\t\t\t\t}\n\t\t\t});\n\t\t<\/script>\n\t\t\t\t<input type=\"text\" style=\"display:none\" autocomplete=\"off\" value=\"\" name=\"_uuid\">\n\t\t\t<div class=\"tutor-d-flex tutor-justify-between tutor-align-center tutor-mb-40\">\n\t\t<div class=\"tutor-form-check\">\n\t\t\t<input id=\"tutor-login-agmnt-1\" type=\"checkbox\" class=\"tutor-form-check-input tutor-bg-black-40\" name=\"rememberme\" value=\"forever\" \/>\n\t\t\t<label for=\"tutor-login-agmnt-1\" class=\"tutor-fs-7 tutor-color-muted\">\n\t\t\t\tKeep me signed in\t\t\t<\/label>\n\t\t<\/div>\n\t\t<a href=\"https:\/\/profundum.si\/nadzorna-plosca\/retrieve-password\" class=\"tutor-btn tutor-btn-ghost\">\n\t\t\tForgot Password?\t\t<\/a>\n\t<\/div>\n\n\t\t<button type=\"submit\" class=\"tutor-btn tutor-btn-primary tutor-btn-block\">\n\t\tSign In\t<\/button>\n\n\t\t\t\t\t<div class=\"tutor-text-center tutor-fs-6 tutor-color-secondary tutor-mt-20\">\n\t\t\tDon&#039;t have an account?&nbsp;\n\t\t\t<a href=\"https:\/\/profundum.si\/en\/registration\/?redirect_to=https:\/\/profundum.si\/en\/wp-json\/wp\/v2\/pages\/2287\" class=\"tutor-btn tutor-btn-link\">\n\t\t\t\tRegister Now\t\t\t<\/a>\n\t\t<\/div>\n\t\t<\/form>\n<script>\n\tdocument.addEventListener('DOMContentLoaded', function() {\n\t\tvar loginModal = document.querySelector('.tutor-modal.tutor-login-modal');\n\t\tvar errors = [];\n\t\tif (loginModal && errors.length) {\n\t\t\tloginModal.classList.add('tutor-is-active');\n\t\t}\n\t});\n<\/script>\n\n\t\t\t\t\t\t\t\t\t<\/div>\n\t\t\t\t\t\t\t<\/div>\n\t\t<\/div>\n\t<\/div>\n<\/div>\n\n\n\n\n<div style=\"height:50px\" aria-hidden=\"true\" class=\"wp-block-spacer\"><\/div>\n","protected":false},"excerpt":{"rendered":"","protected":false},"author":1,"featured_media":0,"parent":0,"menu_order":0,"comment_status":"closed","ping_status":"closed","template":"","meta":{"_et_pb_use_builder":"off","_et_pb_old_content":"","_et_gb_content_width":"","footnotes":""},"class_list":["post-2287","page","type-page","status-publish","hentry"],"_links":{"self":[{"href":"https:\/\/profundum.si\/en\/wp-json\/wp\/v2\/pages\/2287","targetHints":{"allow":["GET"]}}],"collection":[{"href":"https:\/\/profundum.si\/en\/wp-json\/wp\/v2\/pages"}],"about":[{"href":"https:\/\/profundum.si\/en\/wp-json\/wp\/v2\/types\/page"}],"author":[{"embeddable":true,"href":"https:\/\/profundum.si\/en\/wp-json\/wp\/v2\/users\/1"}],"replies":[{"embeddable":true,"href":"https:\/\/profundum.si\/en\/wp-json\/wp\/v2\/comments?post=2287"}],"version-history":[{"count":0,"href":"https:\/\/profundum.si\/en\/wp-json\/wp\/v2\/pages\/2287\/revisions"}],"wp:attachment":[{"href":"https:\/\/profundum.si\/en\/wp-json\/wp\/v2\/media?parent=2287"}],"curies":[{"name":"wp","href":"https:\/\/api.w.org\/{rel}","templated":true}]}}